{"id":1829,"date":"2022-12-28T20:19:34","date_gmt":"2022-12-28T20:19:34","guid":{"rendered":"https:\/\/academiaangelus.com\/caridad\/?page_id=1829"},"modified":"2022-12-28T20:26:50","modified_gmt":"2022-12-28T20:26:50","slug":"margarita-sanchez-ramirez-2","status":"publish","type":"page","link":"https:\/\/academiaangelus.com\/caridad\/inicio\/margarita-sanchez-ramirez-2\/","title":{"rendered":"Margarita S\u00e1nchez Ram\u00edrez"},"content":{"rendered":"\n<p class=\"has-black-color has-text-color\">Orientadora en resoluci\u00f3n de conflictos y Mediaci\u00f3n social \/ Lic. en Psicolog\u00edaMaestra en Ciencias de la Educaci\u00f3n.<\/p>\n\n\n\n<h2 class=\"has-black-color has-text-color wp-block-heading\"><strong>Educaci\u00f3n<\/strong><\/h2>\n\n\n\n<ul class=\"wp-block-list\">\n<li>Licenciatura en psicolog\u00eda.<\/li>\n\n\n\n<li>Maestr\u00eda en Ciencias de la Educaci\u00f3n<\/li>\n\n\n\n<li>Desarrollo Humano<\/li>\n\n\n\n<li>Terapia cognitiva Conductual<\/li>\n\n\n\n<li>Terapia Gestalt&nbsp;<\/li>\n\n\n\n<li>Certificaci\u00f3n en An\u00e1lisis, exploraci\u00f3n y descripci\u00f3n de datos en psicolog\u00eda y educaci\u00f3n.<\/li>\n\n\n\n<li>Certificaci\u00f3n c\u00f3mo conferencista Internacional<\/li>\n\n\n\n<li>Psicolog\u00eda positiva&nbsp;<\/li>\n\n\n\n<li>Dise\u00f1o Universal del Aprendizaje<\/li>\n\n\n\n<li>Evaluaci\u00f3n Educativa&nbsp;<\/li>\n\n\n\n<li>Psicodiagn\u00f3stico del abuso sexual infantil<\/li>\n\n\n\n<li>Grafolog\u00eda Infantil&nbsp;<\/li>\n\n\n\n<li>Programaci\u00f3n neuroling\u00fc\u00edstica<\/li>\n\n\n\n<li>Eneagrama de la Personalidad<\/li>\n\n\n\n<li>Facilitadora de Un Curso de Milagros<\/li>\n<\/ul>\n\n\n\n<h2 class=\"has-black-color has-text-color wp-block-heading\"><strong>Experiencia<\/strong><\/h2>\n\n\n\n<p class=\"has-black-color has-text-color\">Persona f\u00edsica con actividades empresariales. Psicoterapeuta (consultorio propio Presencial-\/En l\u00ednea). Docente, Orientadora (Bachillerato), conferencista, conductora. Capacitaci\u00f3n de empresas y motivaci\u00f3n laboral. Todo esto en Casas de Cultura, Asociaciones, Empresas y Radio. Jornadas Educativas (Nivel preescolar, Primaria, Educaci\u00f3n secundaria, Educaci\u00f3n Media superior y Proyecto en marcha de innovaci\u00f3n educativa Nivel superior).<\/p>\n\n\n\n<h2 class=\"has-black-color has-text-color wp-block-heading\"><strong>Competencias<\/strong><\/h2>\n\n\n\n<p class=\"has-black-color has-text-color\">Comunicaci\u00f3n, asertividad, Creatividad, responsabilidad, liderazgo, proactiva, Inteligencia emocional, Compromiso, Determinaci\u00f3n.<\/p>\n\n\n\n<figure class=\"wp-block-image size-full\"><img fetchpriority=\"high\" decoding=\"async\" width=\"304\" height=\"210\" src=\"https:\/\/academiaangelus.com\/caridad\/wp-content\/uploads\/2022\/12\/image-1.png\" alt=\"\" class=\"wp-image-1832\" srcset=\"https:\/\/academiaangelus.com\/caridad\/wp-content\/uploads\/2022\/12\/image-1.png 304w, https:\/\/academiaangelus.com\/caridad\/wp-content\/uploads\/2022\/12\/image-1-300x207.png 300w, https:\/\/academiaangelus.com\/caridad\/wp-content\/uploads\/2022\/12\/image-1-230x159.png 230w\" sizes=\"(max-width: 304px) 100vw, 304px\" \/><\/figure>\n\n\n\n<figure class=\"wp-block-image size-full\"><img decoding=\"async\" width=\"302\" height=\"220\" src=\"https:\/\/academiaangelus.com\/caridad\/wp-content\/uploads\/2022\/12\/image-2.png\" alt=\"\" class=\"wp-image-1834\" srcset=\"https:\/\/academiaangelus.com\/caridad\/wp-content\/uploads\/2022\/12\/image-2.png 302w, https:\/\/academiaangelus.com\/caridad\/wp-content\/uploads\/2022\/12\/image-2-300x219.png 300w, https:\/\/academiaangelus.com\/caridad\/wp-content\/uploads\/2022\/12\/image-2-230x168.png 230w\" sizes=\"(max-width: 302px) 100vw, 302px\" \/><\/figure>\n\n\n\n<figure class=\"wp-block-image size-full\"><img decoding=\"async\" width=\"314\" height=\"224\" src=\"https:\/\/academiaangelus.com\/caridad\/wp-content\/uploads\/2022\/12\/image-3.png\" alt=\"\" class=\"wp-image-1835\" srcset=\"https:\/\/academiaangelus.com\/caridad\/wp-content\/uploads\/2022\/12\/image-3.png 314w, https:\/\/academiaangelus.com\/caridad\/wp-content\/uploads\/2022\/12\/image-3-300x214.png 300w, https:\/\/academiaangelus.com\/caridad\/wp-content\/uploads\/2022\/12\/image-3-230x164.png 230w\" sizes=\"(max-width: 314px) 100vw, 314px\" \/><\/figure>\n\n\n\n<blockquote class=\"wp-block-quote is-layout-flow wp-block-quote-is-layout-flow\">\n<p class=\"has-black-color has-text-color\">\u201cYo Soy Alegr\u00eda\u201d <\/p>\n\n\n\n<p class=\"has-black-color has-text-color\">\u201cYo Soy Paz\u201d<\/p>\n\n\n\n<p class=\"has-black-color has-text-color\"> \u201cYo Soy Amor \u201c<\/p>\n<\/blockquote>\n\n\n\n<p class=\"has-black-color has-text-color\">Cel:\u00a0\u00a0\u00a0<a href=\"callto:5579253973\">55 79 25 39 73<\/a> y <a href=\"callto:5514107769\">55 14 10 77 69<\/a><\/p>\n\n\n\n<p class=\"has-black-color has-text-color\"><a href=\"mailto:2022rayovioleta@gmail.com\">2022rayovioleta@gmail.com<\/a><\/p>\n\n\n\n<figure class=\"wp-block-image size-full\"><img loading=\"lazy\" decoding=\"async\" width=\"232\" height=\"210\" src=\"https:\/\/academiaangelus.com\/caridad\/wp-content\/uploads\/2022\/12\/image-4.png\" alt=\"\" class=\"wp-image-1840\" srcset=\"https:\/\/academiaangelus.com\/caridad\/wp-content\/uploads\/2022\/12\/image-4.png 232w, https:\/\/academiaangelus.com\/caridad\/wp-content\/uploads\/2022\/12\/image-4-230x208.png 230w\" sizes=\"(max-width: 232px) 100vw, 232px\" \/><\/figure>\n\n\n\n<p class=\"has-black-color has-text-color\"><strong>Creadora deHU Ingenio Consciente<\/strong><\/p>\n\n\n\n<p class=\"has-black-color has-text-color\">Creadora de dos programas de radio en Buenos Aires Argentina <strong>\u201cJard\u00edn de Luz\u201d<\/strong> <strong>Y \u201cEntre lo Humano y lo Divino\u201d<\/strong><\/p>\n\n\n\n<figure class=\"wp-block-image size-full\"><img loading=\"lazy\" decoding=\"async\" width=\"310\" height=\"198\" src=\"https:\/\/academiaangelus.com\/caridad\/wp-content\/uploads\/2022\/12\/image-5.png\" alt=\"\" class=\"wp-image-1841\" srcset=\"https:\/\/academiaangelus.com\/caridad\/wp-content\/uploads\/2022\/12\/image-5.png 310w, https:\/\/academiaangelus.com\/caridad\/wp-content\/uploads\/2022\/12\/image-5-300x192.png 300w, https:\/\/academiaangelus.com\/caridad\/wp-content\/uploads\/2022\/12\/image-5-230x147.png 230w\" sizes=\"(max-width: 310px) 100vw, 310px\" \/><\/figure>\n","protected":false},"excerpt":{"rendered":"<p>Orientadora en resoluci\u00f3n de conflictos y Mediaci\u00f3n social \/ Lic. en Psicolog\u00edaMaestra en Ciencias de la Educaci\u00f3n. Educaci\u00f3n Experiencia Persona f\u00edsica con [&hellip;]<\/p>\n","protected":false},"author":1,"featured_media":1354,"parent":5,"menu_order":7,"comment_status":"closed","ping_status":"closed","template":"","meta":{"footnotes":""},"class_list":["post-1829","page","type-page","status-publish","has-post-thumbnail","hentry"],"_links":{"self":[{"href":"https:\/\/academiaangelus.com\/caridad\/wp-json\/wp\/v2\/pages\/1829","targetHints":{"allow":["GET"]}}],"collection":[{"href":"https:\/\/academiaangelus.com\/caridad\/wp-json\/wp\/v2\/pages"}],"about":[{"href":"https:\/\/academiaangelus.com\/caridad\/wp-json\/wp\/v2\/types\/page"}],"author":[{"embeddable":true,"href":"https:\/\/academiaangelus.com\/caridad\/wp-json\/wp\/v2\/users\/1"}],"replies":[{"embeddable":true,"href":"https:\/\/academiaangelus.com\/caridad\/wp-json\/wp\/v2\/comments?post=1829"}],"version-history":[{"count":4,"href":"https:\/\/academiaangelus.com\/caridad\/wp-json\/wp\/v2\/pages\/1829\/revisions"}],"predecessor-version":[{"id":1842,"href":"https:\/\/academiaangelus.com\/caridad\/wp-json\/wp\/v2\/pages\/1829\/revisions\/1842"}],"up":[{"embeddable":true,"href":"https:\/\/academiaangelus.com\/caridad\/wp-json\/wp\/v2\/pages\/5"}],"wp:featuredmedia":[{"embeddable":true,"href":"https:\/\/academiaangelus.com\/caridad\/wp-json\/wp\/v2\/media\/1354"}],"wp:attachment":[{"href":"https:\/\/academiaangelus.com\/caridad\/wp-json\/wp\/v2\/media?parent=1829"}],"curies":[{"name":"wp","href":"https:\/\/api.w.org\/{rel}","templated":true}]}}