{"id":1818,"date":"2022-12-28T20:10:02","date_gmt":"2022-12-28T20:10:02","guid":{"rendered":"https:\/\/academiaangelus.com\/caridad\/?page_id=1818"},"modified":"2022-12-28T20:13:25","modified_gmt":"2022-12-28T20:13:25","slug":"ruth-elena-solbes-sanchez","status":"publish","type":"page","link":"https:\/\/academiaangelus.com\/caridad\/inicio\/ruth-elena-solbes-sanchez\/","title":{"rendered":"Ruth Elena Solbes S\u00e1nchez"},"content":{"rendered":"\n<h3 class=\"has-black-color has-text-color wp-block-heading\">PREPARACI\u00d3N EN TERAPIAS HOL\u00cdSTICAS:<\/h3>\n\n\n\n<ul class=\"wp-block-list\">\n<li>Curso Conciencia de Salud, septiembre 2008, Martha S\u00e1nchez Navarro<\/li>\n\n\n\n<li>AURA-SOMA Colour Sistem Nivel 1, abril 2009, ASIACT Academy, M\u00e9xico, Caridad Gonz\u00e1lez Lerma<\/li>\n\n\n\n<li>Gemoterapia, noviembre 2009, Luzesencias, Victor Valverde Molina<\/li>\n\n\n\n<li>Seminario de Sanaci\u00f3n Reconectiva Niveles 1 y 2, junio 2010, Erik Pearl, M\u00e9xico<\/li>\n\n\n\n<li>Diplomado de Flores de Bach, niveles 1, 2 y 3, 2010, Carolina de la Luz S\u00e1nchez<\/li>\n\n\n\n<li>Curso de Kinesiolog\u00eda, abril 2011, Luzesencias, Mark Andrew Goble<\/li>\n\n\n\n<li>Curso de Flores Australianas Bush, niveles 1, 2 y 3, enero 2012, Luzesencias, Carolina de la Luz S.<\/li>\n\n\n\n<li>Curso de Radiestesia Terap\u00e9utica y P\u00e9ndulo Universal, junio 2012, Nestinar y Luzesencias, Mika Widmanska.<\/li>\n<\/ul>\n\n\n\n<ul class=\"wp-block-list\">\n<li>Curso de Numerolog\u00eda y Esencias Florales Bush, octubre 2012, Luzesencias, Fernanda Sierra Camp\u00fazano<\/li>\n\n\n\n<li>Curso de El\u00edxires Aztecas, julio 2013, Colegio Mexicano de Terapeutas Florales y Naturales, Lic. Mar\u00eda Alejandra Vald\u00e9z Lankes.<\/li>\n\n\n\n<li>Diplomado en Terapia Floral Sistema Bach, Marzo 2014, Colegio Mexicano de Terapeutas Florales y Naturales, Lic. Mar\u00eda Alejandra Valdez Lankes.<\/li>\n\n\n\n<li>Curso Taller de Aromaterapia Cl\u00ednica, mayo 2014, Colegio Mexicano de Terapeutas Florales y Naturales, Lic. Mar\u00eda Alejandra Vald\u00e9z Lankes.<\/li>\n\n\n\n<li>Facilitadora de EFT, niveles 1 y 2, Septiembre 2015, Asociaci\u00f3n Hispana de EFT, Liana Brailovsky.<\/li>\n\n\n\n<li>Curso-Taller Holo-Biomagnetismo, Ciber-Telepat\u00eda y Tele- Transmisi\u00f3n, Noviembre 2015, Alejandro Lav\u00edn.<\/li>\n\n\n\n<li>Diplomado de Par-Biomagn\u00e9tico, marzo 2015 &#8211; marzo 2016, Universidad Aut\u00f3noma de Chapingo.<\/li>\n\n\n\n<li>Curso de Esencias Florales del Mediterr\u00e1neo, Flores del Alba, Esencias \u00c1ureas y Esencias Complementarias, mayo 2019<\/li>\n<\/ul>\n\n\n\n<h3 class=\"has-black-color has-text-color wp-block-heading\">OTROS ESTUDIOS:<\/h3>\n\n\n\n<ul class=\"wp-block-list\">\n<li>Secretaria Ejecutiva Trilingue, Commercial Academy and Linguistic Center, 1984<\/li>\n\n\n\n<li>Dominio de Ingl\u00e9s, Franc\u00e9s e Italiano<\/li>\n\n\n\n<li>Actualmente, cursando el tercer M\u00f3dulo de la Formaci\u00f3n de Angeloterapia en la Academia Angelus, Prof. Caridad Gonz\u00e1lez Lerma.<\/li>\n<\/ul>\n\n\n\n<p class=\"has-black-color has-text-color\">Atizap\u00e1n de Zaragoza Estado de M\u00e9xico 52930<\/p>\n\n\n\n<p class=\"has-black-color has-text-color\">Celular <a href=\"callto:5554543881\">55 54543881<\/a><\/p>\n","protected":false},"excerpt":{"rendered":"<p>PREPARACI\u00d3N EN TERAPIAS HOL\u00cdSTICAS: OTROS ESTUDIOS: Atizap\u00e1n de Zaragoza Estado de M\u00e9xico 52930 Celular 55 54543881<\/p>\n","protected":false},"author":1,"featured_media":1343,"parent":5,"menu_order":5,"comment_status":"closed","ping_status":"closed","template":"","meta":{"footnotes":""},"class_list":["post-1818","page","type-page","status-publish","has-post-thumbnail","hentry"],"_links":{"self":[{"href":"https:\/\/academiaangelus.com\/caridad\/wp-json\/wp\/v2\/pages\/1818","targetHints":{"allow":["GET"]}}],"collection":[{"href":"https:\/\/academiaangelus.com\/caridad\/wp-json\/wp\/v2\/pages"}],"about":[{"href":"https:\/\/academiaangelus.com\/caridad\/wp-json\/wp\/v2\/types\/page"}],"author":[{"embeddable":true,"href":"https:\/\/academiaangelus.com\/caridad\/wp-json\/wp\/v2\/users\/1"}],"replies":[{"embeddable":true,"href":"https:\/\/academiaangelus.com\/caridad\/wp-json\/wp\/v2\/comments?post=1818"}],"version-history":[{"count":1,"href":"https:\/\/academiaangelus.com\/caridad\/wp-json\/wp\/v2\/pages\/1818\/revisions"}],"predecessor-version":[{"id":1819,"href":"https:\/\/academiaangelus.com\/caridad\/wp-json\/wp\/v2\/pages\/1818\/revisions\/1819"}],"up":[{"embeddable":true,"href":"https:\/\/academiaangelus.com\/caridad\/wp-json\/wp\/v2\/pages\/5"}],"wp:featuredmedia":[{"embeddable":true,"href":"https:\/\/academiaangelus.com\/caridad\/wp-json\/wp\/v2\/media\/1343"}],"wp:attachment":[{"href":"https:\/\/academiaangelus.com\/caridad\/wp-json\/wp\/v2\/media?parent=1818"}],"curies":[{"name":"wp","href":"https:\/\/api.w.org\/{rel}","templated":true}]}}