{"id":1779,"date":"2022-12-28T19:37:29","date_gmt":"2022-12-28T19:37:29","guid":{"rendered":"https:\/\/academiaangelus.com\/caridad\/?page_id=1779"},"modified":"2025-02-24T15:34:41","modified_gmt":"2025-02-24T15:34:41","slug":"caridad-gonzalez","status":"publish","type":"page","link":"https:\/\/academiaangelus.com\/caridad\/inicio\/caridad-gonzalez\/","title":{"rendered":"Caridad Gonz\u00e1lez Lerma"},"content":{"rendered":"\n<p class=\"has-black-color has-text-color\">Estudi\u00e9 Biolog\u00eda en la Universidad Nacional Aut\u00f3noma de M\u00e9xico. Durante varios a\u00f1os trabaj\u00e9 en el \u00e1mbito cient\u00edfico y en organizaciones del sector p\u00fablico y privado.<\/p>\n\n\n\n<p class=\"has-black-color has-text-color\">Paralelamente inici\u00e9 la formaci\u00f3n como Terapeuta Alternativa. Conoc\u00ed Aura-Soma en 1999, actualmente estoy Certificada como una de las Maestras del Sistema en territorio nacional (ASIACT \u201cThe Art &amp; Science International Academy of Colour Technologies\u201d, Inglaterra -n\u00famero de registro 17046-).<\/p>\n\n\n\n<p class=\"has-black-color has-text-color\">Tengo estudios en Programaci\u00f3n Neuroling\u00fc\u00edstica; Reiki Nivel I; Cristales, Numerolog\u00eda, Tarot, Chamanismo y diversas actualizaciones en Aura-Soma. He impartido cursos de Desarrollo Humano a ni\u00f1os, j\u00f3venes y adultos durante 25 a\u00f1os.<\/p>\n\n\n\n<p class=\"has-black-color has-text-color\">Como Angeloterapeuta, he publicado un libro y or\u00e1culo, llamados \u00abLa Mirada del \u00c1ngel\u00bb, tambi\u00e9n he creado un Sistema de Formaci\u00f3n para Angeloterapeutas.<\/p>\n\n\n\n<p class=\"has-black-color has-text-color\">\u201cAmo profundamente lo que hago y mi objetivo de vida es contribuir a la creaci\u00f3n de una nueva humanidad, con conciencia, felicidad, salud y unidad\u201d.<\/p>\n\n\n\n<figure class=\"wp-block-image size-large\"><img fetchpriority=\"high\" decoding=\"async\" width=\"1024\" height=\"1024\" src=\"https:\/\/academiaangelus.com\/caridad\/wp-content\/uploads\/2025\/02\/Caridad-1024x1024.png\" alt=\"\" class=\"wp-image-3347\" srcset=\"https:\/\/academiaangelus.com\/caridad\/wp-content\/uploads\/2025\/02\/Caridad-1024x1024.png 1024w, https:\/\/academiaangelus.com\/caridad\/wp-content\/uploads\/2025\/02\/Caridad-300x300.png 300w, https:\/\/academiaangelus.com\/caridad\/wp-content\/uploads\/2025\/02\/Caridad-150x150.png 150w, https:\/\/academiaangelus.com\/caridad\/wp-content\/uploads\/2025\/02\/Caridad-768x768.png 768w, https:\/\/academiaangelus.com\/caridad\/wp-content\/uploads\/2025\/02\/Caridad-1000x1000.png 1000w, https:\/\/academiaangelus.com\/caridad\/wp-content\/uploads\/2025\/02\/Caridad-230x230.png 230w, https:\/\/academiaangelus.com\/caridad\/wp-content\/uploads\/2025\/02\/Caridad-350x350.png 350w, https:\/\/academiaangelus.com\/caridad\/wp-content\/uploads\/2025\/02\/Caridad-480x480.png 480w, https:\/\/academiaangelus.com\/caridad\/wp-content\/uploads\/2025\/02\/Caridad.png 1280w\" sizes=\"(max-width: 1024px) 100vw, 1024px\" \/><\/figure>\n","protected":false},"excerpt":{"rendered":"<p>Estudi\u00e9 Biolog\u00eda en la Universidad Nacional Aut\u00f3noma de M\u00e9xico. Durante varios a\u00f1os trabaj\u00e9 en el \u00e1mbito cient\u00edfico y en organizaciones del sector [&hellip;]<\/p>\n","protected":false},"author":1,"featured_media":1855,"parent":5,"menu_order":0,"comment_status":"closed","ping_status":"closed","template":"","meta":{"footnotes":""},"class_list":["post-1779","page","type-page","status-publish","has-post-thumbnail","hentry"],"_links":{"self":[{"href":"https:\/\/academiaangelus.com\/caridad\/wp-json\/wp\/v2\/pages\/1779","targetHints":{"allow":["GET"]}}],"collection":[{"href":"https:\/\/academiaangelus.com\/caridad\/wp-json\/wp\/v2\/pages"}],"about":[{"href":"https:\/\/academiaangelus.com\/caridad\/wp-json\/wp\/v2\/types\/page"}],"author":[{"embeddable":true,"href":"https:\/\/academiaangelus.com\/caridad\/wp-json\/wp\/v2\/users\/1"}],"replies":[{"embeddable":true,"href":"https:\/\/academiaangelus.com\/caridad\/wp-json\/wp\/v2\/comments?post=1779"}],"version-history":[{"count":4,"href":"https:\/\/academiaangelus.com\/caridad\/wp-json\/wp\/v2\/pages\/1779\/revisions"}],"predecessor-version":[{"id":3351,"href":"https:\/\/academiaangelus.com\/caridad\/wp-json\/wp\/v2\/pages\/1779\/revisions\/3351"}],"up":[{"embeddable":true,"href":"https:\/\/academiaangelus.com\/caridad\/wp-json\/wp\/v2\/pages\/5"}],"wp:featuredmedia":[{"embeddable":true,"href":"https:\/\/academiaangelus.com\/caridad\/wp-json\/wp\/v2\/media\/1855"}],"wp:attachment":[{"href":"https:\/\/academiaangelus.com\/caridad\/wp-json\/wp\/v2\/media?parent=1779"}],"curies":[{"name":"wp","href":"https:\/\/api.w.org\/{rel}","templated":true}]}}