{"id":1734,"date":"2022-12-28T04:37:40","date_gmt":"2022-12-28T04:37:40","guid":{"rendered":"https:\/\/academiaangelus.com\/caridad\/?page_id=1734"},"modified":"2026-04-16T22:09:38","modified_gmt":"2026-04-17T04:09:38","slug":"terapia-gratuita-en-emergencias","status":"publish","type":"page","link":"https:\/\/academiaangelus.com\/caridad\/terapia-gratuita-en-emergencias\/","title":{"rendered":"Terapia Gratuita en Emergencias"},"content":{"rendered":"\n<h2 class=\"wp-block-heading has-black-color has-text-color\">911 Ayuda Angelical<\/h2>\n\n\n\n<p class=\"has-black-color has-text-color\">Todos necesitamos apoyo en momentos desafiantes. Un especialista que pueda escuchar, apoyar y orientar emocional y psicol\u00f3gicamente, puede hacer una gran diferencia en tales momentos.<\/p>\n\n\n\n<p class=\"has-black-color has-text-color\">El Equipo \u201c911 Ayuda Angelical\u201d est\u00e1 conformado por 17 Terapeutas&nbsp; de M\u00e9xico, Uruguay y Estados Unidos, dispuestos a donar dos consultas psicoterap\u00e9uticas gratuitas a cualquier persona que necesite ayuda y no cuente con recursos econ\u00f3micos para pagar una consulta.<\/p>\n\n\n\n<p class=\"has-black-color has-text-color\">El Equipo incluye a Psic\u00f3logos, Psicoterapeutas y Terapeutas Complementarios de distintas ramas y especialidades alternativas. Todos tienen experiencia en trabajo en situaciones de emergencia.<\/p>\n\n\n\n<p class=\"has-black-color has-text-color\">Si est\u00e1s pasando por depresi\u00f3n, ansiedad, sentimiento de soledad, ataques de p\u00e1nico, ira, insomnio, soledad, pensamientos suicidas, frustraci\u00f3n, fallecimiento de seres queridos o violencia intrafamiliar, podemos y queremos apoyar.<\/p>\n\n\n\n<p class=\"has-black-color has-text-color\">Para contactarnos, por favor env\u00eda mensaje por whatsapp al <a href=\"callto:5535225881\">+52 1 55 3522 5881<\/a> y uno de nuestros especialistas te atender\u00e1 y canalizar\u00e1 con el Terapeuta correspondiente.<\/p>\n\n\n\n<p class=\"has-black-color has-text-color\">\u00a1No est\u00e1s solo, cuentas con nosotros!<\/p>\n\n\n\n<figure class=\"wp-block-image size-large\"><img fetchpriority=\"high\" decoding=\"async\" width=\"1024\" height=\"1024\" src=\"https:\/\/academiaangelus.com\/caridad\/wp-content\/uploads\/2026\/04\/WhatsApp-Image-2026-04-16-at-17.33.20-2-1024x1024.jpeg\" alt=\"\" class=\"wp-image-3604\" srcset=\"https:\/\/academiaangelus.com\/caridad\/wp-content\/uploads\/2026\/04\/WhatsApp-Image-2026-04-16-at-17.33.20-2-1024x1024.jpeg 1024w, https:\/\/academiaangelus.com\/caridad\/wp-content\/uploads\/2026\/04\/WhatsApp-Image-2026-04-16-at-17.33.20-2-300x300.jpeg 300w, https:\/\/academiaangelus.com\/caridad\/wp-content\/uploads\/2026\/04\/WhatsApp-Image-2026-04-16-at-17.33.20-2-150x150.jpeg 150w, https:\/\/academiaangelus.com\/caridad\/wp-content\/uploads\/2026\/04\/WhatsApp-Image-2026-04-16-at-17.33.20-2-768x768.jpeg 768w, https:\/\/academiaangelus.com\/caridad\/wp-content\/uploads\/2026\/04\/WhatsApp-Image-2026-04-16-at-17.33.20-2-1536x1536.jpeg 1536w, https:\/\/academiaangelus.com\/caridad\/wp-content\/uploads\/2026\/04\/WhatsApp-Image-2026-04-16-at-17.33.20-2-1000x1000.jpeg 1000w, https:\/\/academiaangelus.com\/caridad\/wp-content\/uploads\/2026\/04\/WhatsApp-Image-2026-04-16-at-17.33.20-2-230x230.jpeg 230w, https:\/\/academiaangelus.com\/caridad\/wp-content\/uploads\/2026\/04\/WhatsApp-Image-2026-04-16-at-17.33.20-2-350x350.jpeg 350w, https:\/\/academiaangelus.com\/caridad\/wp-content\/uploads\/2026\/04\/WhatsApp-Image-2026-04-16-at-17.33.20-2-480x480.jpeg 480w, https:\/\/academiaangelus.com\/caridad\/wp-content\/uploads\/2026\/04\/WhatsApp-Image-2026-04-16-at-17.33.20-2.jpeg 1600w\" sizes=\"(max-width: 1024px) 100vw, 1024px\" \/><\/figure>\n\n\n\n<figure class=\"wp-block-image alignfull size-large\"><img decoding=\"async\" width=\"790\" height=\"1024\" src=\"https:\/\/academiaangelus.com\/caridad\/wp-content\/uploads\/2026\/04\/Caridad-Gonzalez-790x1024.jpeg\" alt=\"\" class=\"wp-image-3593\" srcset=\"https:\/\/academiaangelus.com\/caridad\/wp-content\/uploads\/2026\/04\/Caridad-Gonzalez-790x1024.jpeg 790w, https:\/\/academiaangelus.com\/caridad\/wp-content\/uploads\/2026\/04\/Caridad-Gonzalez-231x300.jpeg 231w, https:\/\/academiaangelus.com\/caridad\/wp-content\/uploads\/2026\/04\/Caridad-Gonzalez-768x996.jpeg 768w, https:\/\/academiaangelus.com\/caridad\/wp-content\/uploads\/2026\/04\/Caridad-Gonzalez-1185x1536.jpeg 1185w, https:\/\/academiaangelus.com\/caridad\/wp-content\/uploads\/2026\/04\/Caridad-Gonzalez-1000x1297.jpeg 1000w, https:\/\/academiaangelus.com\/caridad\/wp-content\/uploads\/2026\/04\/Caridad-Gonzalez-230x298.jpeg 230w, https:\/\/academiaangelus.com\/caridad\/wp-content\/uploads\/2026\/04\/Caridad-Gonzalez-350x454.jpeg 350w, https:\/\/academiaangelus.com\/caridad\/wp-content\/uploads\/2026\/04\/Caridad-Gonzalez-480x622.jpeg 480w, https:\/\/academiaangelus.com\/caridad\/wp-content\/uploads\/2026\/04\/Caridad-Gonzalez.jpeg 1234w\" sizes=\"(max-width: 790px) 100vw, 790px\" \/><\/figure>\n\n\n\n<figure class=\"wp-block-image alignfull size-large\"><img decoding=\"async\" width=\"790\" height=\"1024\" src=\"https:\/\/academiaangelus.com\/caridad\/wp-content\/uploads\/2022\/12\/Cecilia-Ortega-790x1024.jpg\" alt=\"\" class=\"wp-image-1744\" srcset=\"https:\/\/academiaangelus.com\/caridad\/wp-content\/uploads\/2022\/12\/Cecilia-Ortega-790x1024.jpg 790w, https:\/\/academiaangelus.com\/caridad\/wp-content\/uploads\/2022\/12\/Cecilia-Ortega-231x300.jpg 231w, https:\/\/academiaangelus.com\/caridad\/wp-content\/uploads\/2022\/12\/Cecilia-Ortega-768x996.jpg 768w, https:\/\/academiaangelus.com\/caridad\/wp-content\/uploads\/2022\/12\/Cecilia-Ortega-230x298.jpg 230w, https:\/\/academiaangelus.com\/caridad\/wp-content\/uploads\/2022\/12\/Cecilia-Ortega-350x454.jpg 350w, https:\/\/academiaangelus.com\/caridad\/wp-content\/uploads\/2022\/12\/Cecilia-Ortega-480x622.jpg 480w, https:\/\/academiaangelus.com\/caridad\/wp-content\/uploads\/2022\/12\/Cecilia-Ortega.jpg 987w\" sizes=\"(max-width: 790px) 100vw, 790px\" \/><\/figure>\n\n\n\n<figure class=\"wp-block-image alignfull size-large\"><img loading=\"lazy\" decoding=\"async\" width=\"790\" height=\"1024\" src=\"https:\/\/academiaangelus.com\/caridad\/wp-content\/uploads\/2023\/09\/WhatsApp-Image-2023-09-07-at-13.33.33-790x1024.jpeg\" alt=\"\" class=\"wp-image-3030\" srcset=\"https:\/\/academiaangelus.com\/caridad\/wp-content\/uploads\/2023\/09\/WhatsApp-Image-2023-09-07-at-13.33.33-790x1024.jpeg 790w, https:\/\/academiaangelus.com\/caridad\/wp-content\/uploads\/2023\/09\/WhatsApp-Image-2023-09-07-at-13.33.33-231x300.jpeg 231w, https:\/\/academiaangelus.com\/caridad\/wp-content\/uploads\/2023\/09\/WhatsApp-Image-2023-09-07-at-13.33.33-768x996.jpeg 768w, https:\/\/academiaangelus.com\/caridad\/wp-content\/uploads\/2023\/09\/WhatsApp-Image-2023-09-07-at-13.33.33-230x298.jpeg 230w, https:\/\/academiaangelus.com\/caridad\/wp-content\/uploads\/2023\/09\/WhatsApp-Image-2023-09-07-at-13.33.33-350x454.jpeg 350w, https:\/\/academiaangelus.com\/caridad\/wp-content\/uploads\/2023\/09\/WhatsApp-Image-2023-09-07-at-13.33.33-480x622.jpeg 480w, https:\/\/academiaangelus.com\/caridad\/wp-content\/uploads\/2023\/09\/WhatsApp-Image-2023-09-07-at-13.33.33.jpeg 987w\" sizes=\"(max-width: 790px) 100vw, 790px\" \/><\/figure>\n\n\n\n<figure class=\"wp-block-image alignfull size-large\"><img loading=\"lazy\" decoding=\"async\" width=\"791\" height=\"1024\" src=\"https:\/\/academiaangelus.com\/caridad\/wp-content\/uploads\/2026\/04\/Dulce-Caldero\u0301n-791x1024.jpeg\" alt=\"\" class=\"wp-image-3595\" srcset=\"https:\/\/academiaangelus.com\/caridad\/wp-content\/uploads\/2026\/04\/Dulce-Caldero\u0301n-791x1024.jpeg 791w, https:\/\/academiaangelus.com\/caridad\/wp-content\/uploads\/2026\/04\/Dulce-Caldero\u0301n-232x300.jpeg 232w, https:\/\/academiaangelus.com\/caridad\/wp-content\/uploads\/2026\/04\/Dulce-Caldero\u0301n-768x994.jpeg 768w, https:\/\/academiaangelus.com\/caridad\/wp-content\/uploads\/2026\/04\/Dulce-Caldero\u0301n-1187x1536.jpeg 1187w, https:\/\/academiaangelus.com\/caridad\/wp-content\/uploads\/2026\/04\/Dulce-Caldero\u0301n-1000x1294.jpeg 1000w, https:\/\/academiaangelus.com\/caridad\/wp-content\/uploads\/2026\/04\/Dulce-Caldero\u0301n-230x298.jpeg 230w, https:\/\/academiaangelus.com\/caridad\/wp-content\/uploads\/2026\/04\/Dulce-Caldero\u0301n-350x453.jpeg 350w, https:\/\/academiaangelus.com\/caridad\/wp-content\/uploads\/2026\/04\/Dulce-Caldero\u0301n-480x621.jpeg 480w, https:\/\/academiaangelus.com\/caridad\/wp-content\/uploads\/2026\/04\/Dulce-Caldero\u0301n.jpeg 1236w\" sizes=\"(max-width: 791px) 100vw, 791px\" \/><\/figure>\n\n\n\n<figure class=\"wp-block-image alignfull size-large\"><img loading=\"lazy\" decoding=\"async\" width=\"791\" height=\"1024\" src=\"https:\/\/academiaangelus.com\/caridad\/wp-content\/uploads\/2026\/04\/Dulcinea-Vega-791x1024.jpeg\" alt=\"\" class=\"wp-image-3596\" srcset=\"https:\/\/academiaangelus.com\/caridad\/wp-content\/uploads\/2026\/04\/Dulcinea-Vega-791x1024.jpeg 791w, https:\/\/academiaangelus.com\/caridad\/wp-content\/uploads\/2026\/04\/Dulcinea-Vega-232x300.jpeg 232w, https:\/\/academiaangelus.com\/caridad\/wp-content\/uploads\/2026\/04\/Dulcinea-Vega-768x994.jpeg 768w, https:\/\/academiaangelus.com\/caridad\/wp-content\/uploads\/2026\/04\/Dulcinea-Vega-1187x1536.jpeg 1187w, https:\/\/academiaangelus.com\/caridad\/wp-content\/uploads\/2026\/04\/Dulcinea-Vega-1000x1294.jpeg 1000w, https:\/\/academiaangelus.com\/caridad\/wp-content\/uploads\/2026\/04\/Dulcinea-Vega-230x298.jpeg 230w, https:\/\/academiaangelus.com\/caridad\/wp-content\/uploads\/2026\/04\/Dulcinea-Vega-350x453.jpeg 350w, https:\/\/academiaangelus.com\/caridad\/wp-content\/uploads\/2026\/04\/Dulcinea-Vega-480x621.jpeg 480w, https:\/\/academiaangelus.com\/caridad\/wp-content\/uploads\/2026\/04\/Dulcinea-Vega.jpeg 1236w\" sizes=\"(max-width: 791px) 100vw, 791px\" \/><\/figure>\n\n\n\n<figure class=\"wp-block-image alignfull size-large\"><img loading=\"lazy\" decoding=\"async\" width=\"791\" height=\"1024\" src=\"https:\/\/academiaangelus.com\/caridad\/wp-content\/uploads\/2022\/12\/WhatsApp-Image-2022-06-28-at-9.33.08-PM-2-791x1024.jpeg\" alt=\"\" class=\"wp-image-1747\" srcset=\"https:\/\/academiaangelus.com\/caridad\/wp-content\/uploads\/2022\/12\/WhatsApp-Image-2022-06-28-at-9.33.08-PM-2-791x1024.jpeg 791w, https:\/\/academiaangelus.com\/caridad\/wp-content\/uploads\/2022\/12\/WhatsApp-Image-2022-06-28-at-9.33.08-PM-2-232x300.jpeg 232w, https:\/\/academiaangelus.com\/caridad\/wp-content\/uploads\/2022\/12\/WhatsApp-Image-2022-06-28-at-9.33.08-PM-2-768x994.jpeg 768w, https:\/\/academiaangelus.com\/caridad\/wp-content\/uploads\/2022\/12\/WhatsApp-Image-2022-06-28-at-9.33.08-PM-2-230x298.jpeg 230w, https:\/\/academiaangelus.com\/caridad\/wp-content\/uploads\/2022\/12\/WhatsApp-Image-2022-06-28-at-9.33.08-PM-2-350x453.jpeg 350w, https:\/\/academiaangelus.com\/caridad\/wp-content\/uploads\/2022\/12\/WhatsApp-Image-2022-06-28-at-9.33.08-PM-2-480x621.jpeg 480w, https:\/\/academiaangelus.com\/caridad\/wp-content\/uploads\/2022\/12\/WhatsApp-Image-2022-06-28-at-9.33.08-PM-2.jpeg 989w\" sizes=\"(max-width: 791px) 100vw, 791px\" \/><\/figure>\n\n\n\n<figure class=\"wp-block-image alignfull size-large\"><img loading=\"lazy\" decoding=\"async\" width=\"794\" height=\"1024\" src=\"https:\/\/academiaangelus.com\/caridad\/wp-content\/uploads\/2026\/04\/Frank-Rojas-794x1024.jpeg\" alt=\"\" class=\"wp-image-3598\" srcset=\"https:\/\/academiaangelus.com\/caridad\/wp-content\/uploads\/2026\/04\/Frank-Rojas-794x1024.jpeg 794w, https:\/\/academiaangelus.com\/caridad\/wp-content\/uploads\/2026\/04\/Frank-Rojas-233x300.jpeg 233w, https:\/\/academiaangelus.com\/caridad\/wp-content\/uploads\/2026\/04\/Frank-Rojas-768x990.jpeg 768w, https:\/\/academiaangelus.com\/caridad\/wp-content\/uploads\/2026\/04\/Frank-Rojas-1191x1536.jpeg 1191w, https:\/\/academiaangelus.com\/caridad\/wp-content\/uploads\/2026\/04\/Frank-Rojas-1000x1289.jpeg 1000w, https:\/\/academiaangelus.com\/caridad\/wp-content\/uploads\/2026\/04\/Frank-Rojas-230x297.jpeg 230w, https:\/\/academiaangelus.com\/caridad\/wp-content\/uploads\/2026\/04\/Frank-Rojas-350x451.jpeg 350w, https:\/\/academiaangelus.com\/caridad\/wp-content\/uploads\/2026\/04\/Frank-Rojas-480x619.jpeg 480w, https:\/\/academiaangelus.com\/caridad\/wp-content\/uploads\/2026\/04\/Frank-Rojas.jpeg 1241w\" sizes=\"(max-width: 794px) 100vw, 794px\" \/><\/figure>\n\n\n\n<figure class=\"wp-block-image alignfull size-large\"><img loading=\"lazy\" decoding=\"async\" width=\"792\" height=\"1024\" src=\"https:\/\/academiaangelus.com\/caridad\/wp-content\/uploads\/2024\/03\/WhatsApp-Image-2024-03-22-at-13.24.26-792x1024.jpeg\" alt=\"\" class=\"wp-image-3104\" srcset=\"https:\/\/academiaangelus.com\/caridad\/wp-content\/uploads\/2024\/03\/WhatsApp-Image-2024-03-22-at-13.24.26-792x1024.jpeg 792w, https:\/\/academiaangelus.com\/caridad\/wp-content\/uploads\/2024\/03\/WhatsApp-Image-2024-03-22-at-13.24.26-232x300.jpeg 232w, https:\/\/academiaangelus.com\/caridad\/wp-content\/uploads\/2024\/03\/WhatsApp-Image-2024-03-22-at-13.24.26-768x993.jpeg 768w, https:\/\/academiaangelus.com\/caridad\/wp-content\/uploads\/2024\/03\/WhatsApp-Image-2024-03-22-at-13.24.26-230x297.jpeg 230w, https:\/\/academiaangelus.com\/caridad\/wp-content\/uploads\/2024\/03\/WhatsApp-Image-2024-03-22-at-13.24.26-350x453.jpeg 350w, https:\/\/academiaangelus.com\/caridad\/wp-content\/uploads\/2024\/03\/WhatsApp-Image-2024-03-22-at-13.24.26-480x621.jpeg 480w, https:\/\/academiaangelus.com\/caridad\/wp-content\/uploads\/2024\/03\/WhatsApp-Image-2024-03-22-at-13.24.26.jpeg 990w\" sizes=\"(max-width: 792px) 100vw, 792px\" \/><\/figure>\n\n\n\n<figure class=\"wp-block-image alignfull size-large\"><img loading=\"lazy\" decoding=\"async\" width=\"795\" height=\"1024\" src=\"https:\/\/academiaangelus.com\/caridad\/wp-content\/uploads\/2026\/04\/Minerva-Flores-795x1024.jpeg\" alt=\"\" class=\"wp-image-3599\" srcset=\"https:\/\/academiaangelus.com\/caridad\/wp-content\/uploads\/2026\/04\/Minerva-Flores-795x1024.jpeg 795w, https:\/\/academiaangelus.com\/caridad\/wp-content\/uploads\/2026\/04\/Minerva-Flores-233x300.jpeg 233w, https:\/\/academiaangelus.com\/caridad\/wp-content\/uploads\/2026\/04\/Minerva-Flores-768x989.jpeg 768w, https:\/\/academiaangelus.com\/caridad\/wp-content\/uploads\/2026\/04\/Minerva-Flores-1192x1536.jpeg 1192w, https:\/\/academiaangelus.com\/caridad\/wp-content\/uploads\/2026\/04\/Minerva-Flores-1000x1288.jpeg 1000w, https:\/\/academiaangelus.com\/caridad\/wp-content\/uploads\/2026\/04\/Minerva-Flores-230x296.jpeg 230w, https:\/\/academiaangelus.com\/caridad\/wp-content\/uploads\/2026\/04\/Minerva-Flores-350x451.jpeg 350w, https:\/\/academiaangelus.com\/caridad\/wp-content\/uploads\/2026\/04\/Minerva-Flores-480x618.jpeg 480w, https:\/\/academiaangelus.com\/caridad\/wp-content\/uploads\/2026\/04\/Minerva-Flores.jpeg 1242w\" sizes=\"(max-width: 795px) 100vw, 795px\" \/><\/figure>\n\n\n\n<figure class=\"wp-block-image alignfull size-large\"><img loading=\"lazy\" decoding=\"async\" width=\"791\" height=\"1024\" src=\"https:\/\/academiaangelus.com\/caridad\/wp-content\/uploads\/2023\/03\/WhatsApp-Image-2023-03-17-at-11.05.01-791x1024.jpeg\" alt=\"\" class=\"wp-image-2324\" srcset=\"https:\/\/academiaangelus.com\/caridad\/wp-content\/uploads\/2023\/03\/WhatsApp-Image-2023-03-17-at-11.05.01-791x1024.jpeg 791w, https:\/\/academiaangelus.com\/caridad\/wp-content\/uploads\/2023\/03\/WhatsApp-Image-2023-03-17-at-11.05.01-232x300.jpeg 232w, https:\/\/academiaangelus.com\/caridad\/wp-content\/uploads\/2023\/03\/WhatsApp-Image-2023-03-17-at-11.05.01-768x994.jpeg 768w, https:\/\/academiaangelus.com\/caridad\/wp-content\/uploads\/2023\/03\/WhatsApp-Image-2023-03-17-at-11.05.01-1187x1536.jpeg 1187w, https:\/\/academiaangelus.com\/caridad\/wp-content\/uploads\/2023\/03\/WhatsApp-Image-2023-03-17-at-11.05.01-1000x1294.jpeg 1000w, https:\/\/academiaangelus.com\/caridad\/wp-content\/uploads\/2023\/03\/WhatsApp-Image-2023-03-17-at-11.05.01-230x298.jpeg 230w, https:\/\/academiaangelus.com\/caridad\/wp-content\/uploads\/2023\/03\/WhatsApp-Image-2023-03-17-at-11.05.01-350x453.jpeg 350w, https:\/\/academiaangelus.com\/caridad\/wp-content\/uploads\/2023\/03\/WhatsApp-Image-2023-03-17-at-11.05.01-480x621.jpeg 480w, https:\/\/academiaangelus.com\/caridad\/wp-content\/uploads\/2023\/03\/WhatsApp-Image-2023-03-17-at-11.05.01.jpeg 1236w\" sizes=\"(max-width: 791px) 100vw, 791px\" \/><\/figure>\n\n\n\n<figure class=\"wp-block-image alignfull size-large\"><img loading=\"lazy\" decoding=\"async\" width=\"791\" height=\"1024\" src=\"https:\/\/academiaangelus.com\/caridad\/wp-content\/uploads\/2026\/04\/Rafael-Herna\u0301ndez-791x1024.jpeg\" alt=\"\" class=\"wp-image-3600\" srcset=\"https:\/\/academiaangelus.com\/caridad\/wp-content\/uploads\/2026\/04\/Rafael-Herna\u0301ndez-791x1024.jpeg 791w, https:\/\/academiaangelus.com\/caridad\/wp-content\/uploads\/2026\/04\/Rafael-Herna\u0301ndez-232x300.jpeg 232w, https:\/\/academiaangelus.com\/caridad\/wp-content\/uploads\/2026\/04\/Rafael-Herna\u0301ndez-768x994.jpeg 768w, https:\/\/academiaangelus.com\/caridad\/wp-content\/uploads\/2026\/04\/Rafael-Herna\u0301ndez-1187x1536.jpeg 1187w, https:\/\/academiaangelus.com\/caridad\/wp-content\/uploads\/2026\/04\/Rafael-Herna\u0301ndez-1000x1294.jpeg 1000w, https:\/\/academiaangelus.com\/caridad\/wp-content\/uploads\/2026\/04\/Rafael-Herna\u0301ndez-230x298.jpeg 230w, https:\/\/academiaangelus.com\/caridad\/wp-content\/uploads\/2026\/04\/Rafael-Herna\u0301ndez-350x453.jpeg 350w, https:\/\/academiaangelus.com\/caridad\/wp-content\/uploads\/2026\/04\/Rafael-Herna\u0301ndez-480x621.jpeg 480w, https:\/\/academiaangelus.com\/caridad\/wp-content\/uploads\/2026\/04\/Rafael-Herna\u0301ndez.jpeg 1236w\" sizes=\"(max-width: 791px) 100vw, 791px\" \/><\/figure>\n\n\n\n<figure class=\"wp-block-image alignfull size-large\"><img loading=\"lazy\" decoding=\"async\" width=\"792\" height=\"1024\" src=\"https:\/\/academiaangelus.com\/caridad\/wp-content\/uploads\/2022\/12\/WhatsApp-Image-2020-11-10-at-09.49.18-792x1024.jpeg\" alt=\"\" class=\"wp-image-1756\" srcset=\"https:\/\/academiaangelus.com\/caridad\/wp-content\/uploads\/2022\/12\/WhatsApp-Image-2020-11-10-at-09.49.18-792x1024.jpeg 792w, https:\/\/academiaangelus.com\/caridad\/wp-content\/uploads\/2022\/12\/WhatsApp-Image-2020-11-10-at-09.49.18-232x300.jpeg 232w, https:\/\/academiaangelus.com\/caridad\/wp-content\/uploads\/2022\/12\/WhatsApp-Image-2020-11-10-at-09.49.18-768x993.jpeg 768w, https:\/\/academiaangelus.com\/caridad\/wp-content\/uploads\/2022\/12\/WhatsApp-Image-2020-11-10-at-09.49.18-230x297.jpeg 230w, https:\/\/academiaangelus.com\/caridad\/wp-content\/uploads\/2022\/12\/WhatsApp-Image-2020-11-10-at-09.49.18-350x453.jpeg 350w, https:\/\/academiaangelus.com\/caridad\/wp-content\/uploads\/2022\/12\/WhatsApp-Image-2020-11-10-at-09.49.18-480x621.jpeg 480w, https:\/\/academiaangelus.com\/caridad\/wp-content\/uploads\/2022\/12\/WhatsApp-Image-2020-11-10-at-09.49.18.jpeg 990w\" sizes=\"(max-width: 792px) 100vw, 792px\" \/><\/figure>\n\n\n\n<figure class=\"wp-block-image size-large\"><img loading=\"lazy\" decoding=\"async\" width=\"1024\" height=\"1024\" src=\"https:\/\/academiaangelus.com\/caridad\/wp-content\/uploads\/2026\/04\/WhatsApp-Image-2026-04-16-at-17.33.20-1-1024x1024.jpeg\" alt=\"\" class=\"wp-image-3602\" srcset=\"https:\/\/academiaangelus.com\/caridad\/wp-content\/uploads\/2026\/04\/WhatsApp-Image-2026-04-16-at-17.33.20-1-1024x1024.jpeg 1024w, https:\/\/academiaangelus.com\/caridad\/wp-content\/uploads\/2026\/04\/WhatsApp-Image-2026-04-16-at-17.33.20-1-300x300.jpeg 300w, https:\/\/academiaangelus.com\/caridad\/wp-content\/uploads\/2026\/04\/WhatsApp-Image-2026-04-16-at-17.33.20-1-150x150.jpeg 150w, https:\/\/academiaangelus.com\/caridad\/wp-content\/uploads\/2026\/04\/WhatsApp-Image-2026-04-16-at-17.33.20-1-768x768.jpeg 768w, https:\/\/academiaangelus.com\/caridad\/wp-content\/uploads\/2026\/04\/WhatsApp-Image-2026-04-16-at-17.33.20-1-1536x1536.jpeg 1536w, https:\/\/academiaangelus.com\/caridad\/wp-content\/uploads\/2026\/04\/WhatsApp-Image-2026-04-16-at-17.33.20-1-1000x1000.jpeg 1000w, https:\/\/academiaangelus.com\/caridad\/wp-content\/uploads\/2026\/04\/WhatsApp-Image-2026-04-16-at-17.33.20-1-230x230.jpeg 230w, https:\/\/academiaangelus.com\/caridad\/wp-content\/uploads\/2026\/04\/WhatsApp-Image-2026-04-16-at-17.33.20-1-350x350.jpeg 350w, https:\/\/academiaangelus.com\/caridad\/wp-content\/uploads\/2026\/04\/WhatsApp-Image-2026-04-16-at-17.33.20-1-480x480.jpeg 480w, https:\/\/academiaangelus.com\/caridad\/wp-content\/uploads\/2026\/04\/WhatsApp-Image-2026-04-16-at-17.33.20-1.jpeg 1600w\" sizes=\"(max-width: 1024px) 100vw, 1024px\" \/><\/figure>\n","protected":false},"excerpt":{"rendered":"<p>911 Ayuda Angelical Todos necesitamos apoyo en momentos desafiantes. Un especialista que pueda escuchar, apoyar y orientar emocional y psicol\u00f3gicamente, puede hacer [&hellip;]<\/p>\n","protected":false},"author":1,"featured_media":0,"parent":0,"menu_order":4,"comment_status":"closed","ping_status":"closed","template":"page-templates\/page_fullwidth.php","meta":{"footnotes":""},"class_list":["post-1734","page","type-page","status-publish","hentry"],"_links":{"self":[{"href":"https:\/\/academiaangelus.com\/caridad\/wp-json\/wp\/v2\/pages\/1734","targetHints":{"allow":["GET"]}}],"collection":[{"href":"https:\/\/academiaangelus.com\/caridad\/wp-json\/wp\/v2\/pages"}],"about":[{"href":"https:\/\/academiaangelus.com\/caridad\/wp-json\/wp\/v2\/types\/page"}],"author":[{"embeddable":true,"href":"https:\/\/academiaangelus.com\/caridad\/wp-json\/wp\/v2\/users\/1"}],"replies":[{"embeddable":true,"href":"https:\/\/academiaangelus.com\/caridad\/wp-json\/wp\/v2\/comments?post=1734"}],"version-history":[{"count":17,"href":"https:\/\/academiaangelus.com\/caridad\/wp-json\/wp\/v2\/pages\/1734\/revisions"}],"predecessor-version":[{"id":3608,"href":"https:\/\/academiaangelus.com\/caridad\/wp-json\/wp\/v2\/pages\/1734\/revisions\/3608"}],"wp:attachment":[{"href":"https:\/\/academiaangelus.com\/caridad\/wp-json\/wp\/v2\/media?parent=1734"}],"curies":[{"name":"wp","href":"https:\/\/api.w.org\/{rel}","templated":true}]}}